{"id":129,"date":"2024-07-15T17:33:18","date_gmt":"2024-07-15T17:33:18","guid":{"rendered":"https:\/\/staging.kanatanordic.ca\/?page_id=129"},"modified":"2025-05-21T01:31:10","modified_gmt":"2025-05-21T01:31:10","slug":"sponsors-partners","status":"publish","type":"page","link":"https:\/\/staging.kanatanordic.ca\/index.php\/sponsors-partners\/","title":{"rendered":"Sponsors-partners"},"content":{"rendered":"<h1>Sponsors &amp; Partners<\/h1>\n<div>\u00a0<\/div>\n<h3><strong>Trailblazer Sponsor\u00a0<\/strong><\/h3>\n<div><a href=\"http:\/\/www.freshairexp.ca\/\" target=\"_blank\" rel=\"noopener noreferrer\"><img loading=\"lazy\" decoding=\"async\" class=\"wp-image-7689 alignleft\" src=\"https:\/\/www.kanatanordic.ca\/wp-content\/uploads\/FAE-new-logo-colour.png\" sizes=\"auto, (max-width: 211px) 100vw, 211px\" srcset=\"https:\/\/www.kanatanordic.ca\/wp-content\/uploads\/FAE-new-logo-colour.png 240w, https:\/\/www.kanatanordic.ca\/wp-content\/uploads\/FAE-new-logo-colour-150x58.png 150w\" alt=\"new logo for Fresh Air Experience\" width=\"211\" height=\"81\" \/>Fresh Air Experience<\/a>\u00a0has been providing the Ottawa region with high quality outdoor goods and service since 1969. They are leaders in xc race skis and selection techniques, and stock a wide range of xc gear for all ages and abilities.\u00a0Fresh Air has supported Kanata Nordic and the broader xc ski community for many years, and has been Kanata Nordic\u2019s\u00a0\u2018Trailblazer\u2019 sponsor since the 2015-16 ski season.\u00a0\n<p><strong><a href=\"http:\/\/ncc-ccn.gc.ca\/\" target=\"_blank\" rel=\"noopener\"><img loading=\"lazy\" decoding=\"async\" class=\"wp-image-7419 size-thumbnail alignleft\" src=\"https:\/\/www.kanatanordic.ca\/wp-content\/uploads\/NEW-NCC-CCN_Acronym_Horiz_CMYK-Medallion-1-150x78.png\" sizes=\"auto, (max-width: 150px) 100vw, 150px\" srcset=\"https:\/\/www.kanatanordic.ca\/wp-content\/uploads\/NEW-NCC-CCN_Acronym_Horiz_CMYK-Medallion-1-150x78.png 150w, https:\/\/www.kanatanordic.ca\/wp-content\/uploads\/NEW-NCC-CCN_Acronym_Horiz_CMYK-Medallion-1-300x156.png 300w, https:\/\/www.kanatanordic.ca\/wp-content\/uploads\/NEW-NCC-CCN_Acronym_Horiz_CMYK-Medallion-1.png 600w\" alt=\"\" width=\"150\" height=\"78\" \/><\/a>The National Capital Commission (NCC) supports Kanata Nordic\u2019s ski trail maintenance<br \/><\/strong>Kanata Nordic gratefully acknowledges the financial support of the National Capital Commission \/ Kanata Nordic remercie sinc\u00e8rement la Commission de la capitale nationale de son soutien financier.<\/p>\n<p><strong><a href=\"https:\/\/www.kanatanordic.ca\/wp-content\/uploads\/City-of-Ottawa-logo-sm.tiff\" target=\"_blank\" rel=\"https:\/\/ottawa.ca noopener\"><img loading=\"lazy\" decoding=\"async\" class=\"alignnone size-medium wp-image-7421\" src=\"https:\/\/www.kanatanordic.ca\/wp-content\/uploads\/City-of-Ottawa-logo-sm.tiff\" alt=\"City of Ottawa logo\" width=\"1\" height=\"1\" \/><img loading=\"lazy\" decoding=\"async\" class=\"alignleft wp-image-7422 size-thumbnail\" src=\"https:\/\/www.kanatanordic.ca\/wp-content\/uploads\/City-of-Ottawa-logo-sm-150x64.jpg\" sizes=\"auto, (max-width: 150px) 100vw, 150px\" srcset=\"https:\/\/www.kanatanordic.ca\/wp-content\/uploads\/City-of-Ottawa-logo-sm-150x64.jpg 150w, https:\/\/www.kanatanordic.ca\/wp-content\/uploads\/City-of-Ottawa-logo-sm.jpg 250w\" alt=\"\" width=\"150\" height=\"64\" \/><\/a>City of Ottawa supports Kanata Nordic\u2019s ski trail maintenance<br \/><\/strong>Kanata Nordic gratefully acknowledges the financial support of the City of Ottawa \/ Kanata Nordic remercie sinc\u00e8rement la Ville d\u2019Ottawa de son soutien financier.<\/p>\n<p><strong><a href=\"https:\/\/www.ocf-fco.ca\/%20noopener\"><img class=\"alignnone size-medium wp-image-7421\" alt=\"City of Ottawa logo\" width=\"1\" height=\"1\" \/><img loading=\"lazy\" decoding=\"async\" class=\"alignleft wp-image-7438 \" src=\"https:\/\/www.kanatanordic.ca\/wp-content\/uploads\/OCF_TagVert_EN_RGB-300x152-300x152.png\" alt=\"\" width=\"253\" height=\"139\" \/><\/a>The Ottawa Community Foundation<br \/><\/strong>The\u00a0<a href=\"https:\/\/www.ocf-fco.ca\/\" target=\"_blank\" rel=\"noopener\">Ottawa Community Foundation<\/a>\u00a0funded Kanata Nordic\u2019s \u2018Lowering the Barrier to Winter Fitness\u2019 project, which is enabling the club to purchase a fleet of rental ski equipment and snowshoes in the 2018-19 season. \/ Le projet \u2018Lowering the Barrier to Winter Fitness\u2019 a \u00e9t\u00e9 financ\u00e9 par une subvention de la Fondation communautaire d\u2019Ottawa.<\/p>\n<p><strong><img loading=\"lazy\" decoding=\"async\" class=\"wp-image-9237 size-thumbnail alignleft\" src=\"https:\/\/www.kanatanordic.ca\/wp-content\/uploads\/Kanata-Nordic-v2-med-120x150.jpg\" sizes=\"auto, (max-width: 120px) 100vw, 120px\" srcset=\"https:\/\/www.kanatanordic.ca\/wp-content\/uploads\/Kanata-Nordic-v2-med-120x150.jpg 120w, https:\/\/www.kanatanordic.ca\/wp-content\/uploads\/Kanata-Nordic-v2-med-240x300.jpg 240w, https:\/\/www.kanatanordic.ca\/wp-content\/uploads\/Kanata-Nordic-v2-med.jpg 400w\" alt=\"logos from Nordiq Canada and Sports Canada\" width=\"120\" height=\"150\" \/><\/strong><\/p>\n<p><strong>Nordiq Canada and Sports Canada<\/strong><br \/>Kanata Nordic received a grant from Nordiq Canada\u2019s Equity Initiative, funded by Sport Canada\u2019s Community Sport for All Initiative. The money will be used to support our\u00a0<a href=\"https:\/\/www.kanatanordic.ca\/ski-programs\/community-programs\/\">Community Programs<\/a>. \/\u00a0<span class=\"css-901oao css-16my406 r-poiln3 r-bcqeeo r-qvutc0\">Kanata Nordic Ski Club est fier d\u2019annoncer qu\u2019il recevra une bourse du projet d\u2019\u00e9quit\u00e9 de Nordiq Canada<\/span><span class=\"css-901oao css-16my406 r-poiln3 r-bcqeeo r-qvutc0\">, financ\u00e9 par l\u2019initiative Le sport communautaire pour tous de Sport Canada. Le financement sera utilis\u00e9 pour soutenir notre\u00a0<a href=\"https:\/\/www.kanatanordic.ca\/ski-programs\/community-programs\/\">Community Programs<\/a>.<\/span><\/p>\n<hr \/>\n<h3><strong>Kanata Nordic Community Friends, Partners &amp; Supporters<\/strong><\/h3>\n<div id=\"attachment_5570\" class=\"wp-caption alignleft\"><a href=\"http:\/\/xco.org\/\" target=\"_blank\" rel=\"noopener noreferrer\"><img loading=\"lazy\" decoding=\"async\" class=\"wp-image-5570\" src=\"https:\/\/www.kanatanordic.ca\/wp-content\/uploads\/CCO_logo-104x150.jpg\" sizes=\"auto, (max-width: 63px) 100vw, 63px\" srcset=\"https:\/\/www.kanatanordic.ca\/wp-content\/uploads\/CCO_logo-104x150.jpg 104w, https:\/\/www.kanatanordic.ca\/wp-content\/uploads\/CCO_logo-208x300.jpg 208w, https:\/\/www.kanatanordic.ca\/wp-content\/uploads\/CCO_logo-709x1024.jpg 709w\" alt=\"Cross Country Ontario\" width=\"63\" height=\"91\" aria-describedby=\"caption-attachment-5570\" \/><\/a>\n<p id=\"caption-attachment-5570\" class=\"wp-caption-text\"><a href=\"http:\/\/xco.org\/\" target=\"_blank\" rel=\"noopener noreferrer\">Cross Country Ontario<\/a><\/p>\n<\/div>\n<div id=\"attachment_5574\" class=\"wp-caption alignleft\"><a href=\"http:\/\/ccski.ca\/\" target=\"_blank\" rel=\"noopener noreferrer\"><img loading=\"lazy\" decoding=\"async\" class=\"wp-image-5574\" src=\"https:\/\/www.kanatanordic.ca\/wp-content\/uploads\/Unknown-150x150.jpeg\" sizes=\"auto, (max-width: 100px) 100vw, 100px\" srcset=\"https:\/\/www.kanatanordic.ca\/wp-content\/uploads\/Unknown-150x150.jpeg 150w, https:\/\/www.kanatanordic.ca\/wp-content\/uploads\/Unknown-200x200.jpeg 200w, https:\/\/www.kanatanordic.ca\/wp-content\/uploads\/Unknown.jpeg 225w\" alt=\"Cross Country Canada\" width=\"100\" height=\"100\" aria-describedby=\"caption-attachment-5574\" \/><\/a>\n<p id=\"caption-attachment-5574\" class=\"wp-caption-text\"><a href=\"http:\/\/ccski.ca\/\" target=\"_blank\" rel=\"noopener noreferrer\">Cross Country Canada<\/a><\/p>\n<\/div>\n<div id=\"attachment_6849\" class=\"wp-caption alignleft\"><a href=\"http:\/\/ncc-ccn.gc.ca\/\" target=\"_blank\" rel=\"noopener noreferrer\"><img loading=\"lazy\" decoding=\"async\" class=\"wp-image-6849 \" src=\"https:\/\/www.kanatanordic.ca\/wp-content\/uploads\/NEW-NCC-CCN_Acronym_Horiz_CMYK-Medallion-150x78.png\" sizes=\"auto, (max-width: 125px) 100vw, 125px\" srcset=\"https:\/\/www.kanatanordic.ca\/wp-content\/uploads\/NEW-NCC-CCN_Acronym_Horiz_CMYK-Medallion-150x78.png 150w, https:\/\/www.kanatanordic.ca\/wp-content\/uploads\/NEW-NCC-CCN_Acronym_Horiz_CMYK-Medallion-300x156.png 300w, https:\/\/www.kanatanordic.ca\/wp-content\/uploads\/NEW-NCC-CCN_Acronym_Horiz_CMYK-Medallion.png 600w\" alt=\"NCC\" width=\"125\" height=\"65\" aria-describedby=\"caption-attachment-6849\" \/><\/a>\n<p id=\"caption-attachment-6849\" class=\"wp-caption-text\"><a href=\"http:\/\/ncc-ccn.gc.ca\/\">National Capital Commission<\/a><\/p>\n<\/div>\n<div id=\"attachment_6243\" class=\"wp-caption alignleft\"><a href=\"http:\/\/www.wesleycloverparks.com\/\" target=\"_blank\" rel=\"noopener noreferrer\"><img loading=\"lazy\" decoding=\"async\" class=\"wp-image-6243\" src=\"https:\/\/www.kanatanordic.ca\/wp-content\/uploads\/new_WCP_Crest-150x150.png\" sizes=\"auto, (max-width: 91px) 100vw, 91px\" srcset=\"https:\/\/www.kanatanordic.ca\/wp-content\/uploads\/new_WCP_Crest-150x150.png 150w, https:\/\/www.kanatanordic.ca\/wp-content\/uploads\/new_WCP_Crest-200x200.png 200w, https:\/\/www.kanatanordic.ca\/wp-content\/uploads\/new_WCP_Crest.png 300w\" alt=\"\" width=\"91\" height=\"91\" aria-describedby=\"caption-attachment-6243\" \/><\/a>\n<p id=\"caption-attachment-6243\" class=\"wp-caption-text\"><a href=\"http:\/\/www.wesleycloverparks.com\/\" target=\"_blank\" rel=\"noopener noreferrer\">Wesley Clover Parks<\/a><\/p>\n<\/div>\n<div id=\"attachment_5564\" class=\"wp-caption alignleft\"><a href=\"http:\/\/zone4.ca\/\" target=\"_blank\" rel=\"noopener noreferrer\"><img loading=\"lazy\" decoding=\"async\" class=\"wp-image-5564\" src=\"https:\/\/www.kanatanordic.ca\/wp-content\/uploads\/Unknown-1-150x150.png\" alt=\"Zone4 - Ski Registration\" width=\"89\" height=\"89\" aria-describedby=\"caption-attachment-5564\" \/><\/a>\n<p id=\"caption-attachment-5564\" class=\"wp-caption-text\"><a href=\"http:\/\/zone4.ca\/\" target=\"_blank\" rel=\"noopener noreferrer\">Zone4<\/a><\/p>\n<\/div>\n<div id=\"attachment_5562\" class=\"wp-caption alignleft\"><a href=\"http:\/\/www.fis-ski.com\/\" target=\"_blank\" rel=\"noopener noreferrer\"><img loading=\"lazy\" decoding=\"async\" class=\"wp-image-5562\" src=\"https:\/\/www.kanatanordic.ca\/wp-content\/uploads\/h8-RdK2E_400x400-150x150.jpeg\" sizes=\"auto, (max-width: 91px) 100vw, 91px\" srcset=\"https:\/\/www.kanatanordic.ca\/wp-content\/uploads\/h8-RdK2E_400x400-150x150.jpeg 150w, https:\/\/www.kanatanordic.ca\/wp-content\/uploads\/h8-RdK2E_400x400-300x300.jpeg 300w, https:\/\/www.kanatanordic.ca\/wp-content\/uploads\/h8-RdK2E_400x400-200x200.jpeg 200w, https:\/\/www.kanatanordic.ca\/wp-content\/uploads\/h8-RdK2E_400x400.jpeg 400w\" alt=\"International Ski Federation\" width=\"91\" height=\"91\" aria-describedby=\"caption-attachment-5562\" \/><\/a>\n<p id=\"caption-attachment-5562\" class=\"wp-caption-text\"><a href=\"http:\/\/www.fis-ski.com\/\" target=\"_blank\" rel=\"noopener noreferrer\">International Ski Federation<\/a><\/p>\n<\/div>\n<div id=\"attachment_5579\" class=\"wp-caption alignleft\"><a href=\"http:\/\/www.ottawarivercanoe.com\/\" target=\"_blank\" rel=\"noopener noreferrer\"><img loading=\"lazy\" decoding=\"async\" class=\"wp-image-5579\" src=\"https:\/\/www.kanatanordic.ca\/wp-content\/uploads\/ORCC-logo-300-150x150.jpg\" sizes=\"auto, (max-width: 91px) 100vw, 91px\" srcset=\"https:\/\/www.kanatanordic.ca\/wp-content\/uploads\/ORCC-logo-300-150x150.jpg 150w, https:\/\/www.kanatanordic.ca\/wp-content\/uploads\/ORCC-logo-300.jpg 300w, https:\/\/www.kanatanordic.ca\/wp-content\/uploads\/ORCC-logo-300-200x200.jpg 200w\" alt=\"Ottawa River Canoe Club\" width=\"91\" height=\"91\" aria-describedby=\"caption-attachment-5579\" \/><\/a>\n<p id=\"caption-attachment-5579\" class=\"wp-caption-text\"><a href=\"http:\/\/www.ottawarivercanoe.com\/\">Ottawa River Canoe Club<\/a><\/p>\n<\/div>\n<div id=\"attachment_5580\" class=\"wp-caption alignleft\"><a href=\"http:\/\/http\/\/www.ottawaoc.ca\"><img loading=\"lazy\" decoding=\"async\" class=\"size-thumbnail wp-image-5580\" src=\"https:\/\/www.kanatanordic.ca\/wp-content\/uploads\/orienteering-ottawa-log-150x34.jpg\" sizes=\"auto, (max-width: 150px) 100vw, 150px\" srcset=\"https:\/\/www.kanatanordic.ca\/wp-content\/uploads\/orienteering-ottawa-log-150x34.jpg 150w, https:\/\/www.kanatanordic.ca\/wp-content\/uploads\/orienteering-ottawa-log-300x67.jpg 300w, https:\/\/www.kanatanordic.ca\/wp-content\/uploads\/orienteering-ottawa-log.jpg 474w\" alt=\"Orienteering Ottawa\" width=\"150\" height=\"34\" aria-describedby=\"caption-attachment-5580\" \/><\/a>\n<p id=\"caption-attachment-5580\" class=\"wp-caption-text\"><a href=\"http:\/\/www.ottawaoc.ca\/\">Orienteering Ottawa<\/a><\/p>\n<\/div>\n<div id=\"attachment_457\" class=\"wp-caption alignleft\"><img loading=\"lazy\" decoding=\"async\" class=\"wp-image-457 size-full\" src=\"https:\/\/www.kanatanordic.ca\/wp-content\/uploads\/2009\/10\/ottawa_logo_colour.gif\" alt=\"City of Ottawa\" width=\"142\" height=\"65\" aria-describedby=\"caption-attachment-457\" \/>\n<p id=\"caption-attachment-457\" class=\"wp-caption-text\"><a href=\"http:\/\/ottawa.ca\/\" target=\"_blank\" rel=\"noopener noreferrer\">City of Ottawa<\/a><\/p>\n<\/div>\n<div id=\"attachment_5576\" class=\"wp-caption alignleft\"><img loading=\"lazy\" decoding=\"async\" class=\"wp-image-5576\" src=\"https:\/\/www.kanatanordic.ca\/wp-content\/uploads\/CSM_logo.png\" sizes=\"auto, (max-width: 255px) 100vw, 255px\" srcset=\"https:\/\/www.kanatanordic.ca\/wp-content\/uploads\/CSM_logo.png 1641w, https:\/\/www.kanatanordic.ca\/wp-content\/uploads\/CSM_logo-150x38.png 150w, https:\/\/www.kanatanordic.ca\/wp-content\/uploads\/CSM_logo-300x77.png 300w, https:\/\/www.kanatanordic.ca\/wp-content\/uploads\/CSM_logo-1024x261.png 1024w\" alt=\"\" width=\"255\" height=\"65\" aria-describedby=\"caption-attachment-5576\" \/>\n<p id=\"caption-attachment-5576\" class=\"wp-caption-text\"><a href=\"http:\/\/csm-mcs.com\/en\/\" target=\"_blank\" rel=\"noopener noreferrer\">Canadian Ski Marathon<\/a><\/p>\n<\/div>\n<div id=\"attachment_5566\" class=\"wp-caption alignleft\"><a href=\"http:\/\/www.gatineauloppet.com\/?lang=en\" target=\"_blank\" rel=\"noopener noreferrer\"><img loading=\"lazy\" decoding=\"async\" class=\"wp-image-5566\" src=\"https:\/\/www.kanatanordic.ca\/wp-content\/uploads\/58587_G08_W01-e1448072587648-150x77.jpg\" sizes=\"auto, (max-width: 127px) 100vw, 127px\" srcset=\"https:\/\/www.kanatanordic.ca\/wp-content\/uploads\/58587_G08_W01-e1448072587648-150x77.jpg 150w, https:\/\/www.kanatanordic.ca\/wp-content\/uploads\/58587_G08_W01-e1448072587648-300x153.jpg 300w, https:\/\/www.kanatanordic.ca\/wp-content\/uploads\/58587_G08_W01-e1448072587648.jpg 430w\" alt=\"Gatineau Loppet\" width=\"127\" height=\"65\" aria-describedby=\"caption-attachment-5566\" \/><\/a>\n<p id=\"caption-attachment-5566\" class=\"wp-caption-text\"><a href=\"http:\/\/gatineauloppet.com\/\" target=\"_blank\" rel=\"noopener noreferrer\">Gatineau Loppet<\/a><\/p>\n<\/div>\n<p><a href=\"https:\/\/www.ocf-fco.ca\/\" target=\"_blank\" rel=\"noopener\"><img loading=\"lazy\" decoding=\"async\" class=\"wp-image-7438 alignleft\" src=\"https:\/\/www.kanatanordic.ca\/wp-content\/uploads\/OCF_TagVert_EN_RGB-300x152-300x152.png\" sizes=\"auto, (max-width: 163px) 100vw, 163px\" srcset=\"https:\/\/www.kanatanordic.ca\/wp-content\/uploads\/OCF_TagVert_EN_RGB-300x152.png 300w, https:\/\/www.kanatanordic.ca\/wp-content\/uploads\/OCF_TagVert_EN_RGB-300x152-150x76.png 150w\" alt=\"\" width=\"163\" height=\"83\" \/><\/a><\/p>\n<p><em><a href=\"http:\/\/www.ncdski.org\/links\">Click here<\/a>\u00a0for more ski community resources and links\u00a0<\/em><\/p>\n<p><em>If you are interested in partnering with Kanata Nordic please email\u00a0<a href=\"mailto:promotion@kanatanordic.ca\">promotion@kanatanordic.ca<\/a><\/em><\/p>\n<\/div>\n\n\n<div class=\"wp-block-group is-layout-grid wp-container-core-group-is-layout-9649a0d9 wp-block-group-is-layout-grid\">\n<figure class=\"wp-block-image\"><a href=\"http:\/\/www.gatineauloppet.com\/?lang=en\" target=\"_blank\" rel=\"noreferrer noopener\"><img decoding=\"async\" src=\"https:\/\/www.kanatanordic.ca\/wp-content\/uploads\/58587_G08_W01-e1448072587648-150x77.jpg\" alt=\"Gatineau Loppet\" class=\"wp-image-5566\"\/><\/a><\/figure>\n<\/div>\n\n\n\n<p><\/p>\n","protected":false},"excerpt":{"rendered":"<p>Sponsors &amp; Partners \u00a0 Trailblazer Sponsor\u00a0 Fresh Air Experience\u00a0has been providing the Ottawa region with high quality outdoor goods and service since 1969. They are leaders in xc race skis and selection techniques, and stock a wide range of xc gear for all ages and abilities.\u00a0Fresh Air has supported Kanata Nordic and the broader xc [&hellip;]<\/p>\n","protected":false},"author":1,"featured_media":0,"parent":0,"menu_order":0,"comment_status":"closed","ping_status":"closed","template":"","meta":{"footnotes":""},"class_list":["post-129","page","type-page","status-publish","hentry","post"],"_links":{"self":[{"href":"https:\/\/staging.kanatanordic.ca\/index.php\/wp-json\/wp\/v2\/pages\/129","targetHints":{"allow":["GET"]}}],"collection":[{"href":"https:\/\/staging.kanatanordic.ca\/index.php\/wp-json\/wp\/v2\/pages"}],"about":[{"href":"https:\/\/staging.kanatanordic.ca\/index.php\/wp-json\/wp\/v2\/types\/page"}],"author":[{"embeddable":true,"href":"https:\/\/staging.kanatanordic.ca\/index.php\/wp-json\/wp\/v2\/users\/1"}],"replies":[{"embeddable":true,"href":"https:\/\/staging.kanatanordic.ca\/index.php\/wp-json\/wp\/v2\/comments?post=129"}],"version-history":[{"count":3,"href":"https:\/\/staging.kanatanordic.ca\/index.php\/wp-json\/wp\/v2\/pages\/129\/revisions"}],"predecessor-version":[{"id":383,"href":"https:\/\/staging.kanatanordic.ca\/index.php\/wp-json\/wp\/v2\/pages\/129\/revisions\/383"}],"wp:attachment":[{"href":"https:\/\/staging.kanatanordic.ca\/index.php\/wp-json\/wp\/v2\/media?parent=129"}],"curies":[{"name":"wp","href":"https:\/\/api.w.org\/{rel}","templated":true}]}}